{"id":61,"date":"2025-08-22T15:50:10","date_gmt":"2025-08-22T13:50:10","guid":{"rendered":"http:\/\/arsteredenn.fr\/?page_id=61"},"modified":"2026-04-04T17:16:59","modified_gmt":"2026-04-04T15:16:59","slug":"activites","status":"publish","type":"page","link":"https:\/\/arsteredenn.fr\/index.php\/activites\/","title":{"rendered":"ACTIVITES"},"content":{"rendered":"\n<p><strong>SCRABBLE, DOMINOS, CARTES<\/strong> : <em>Salle Ty GLAS<\/em>, mardi et jeudi de 13h30 \u00e0 18h00<\/p>\n\n\n\n<p><strong>PETANQUE<\/strong> :  <em>hall p\u00e9tanque<\/em>, mardi et jeudi de 13h30 \u00e0 18h00<\/p>\n\n\n\n<p><strong>DANSE<\/strong> : <em>Salle l&rsquo;ENVOLEE<\/em> : le mardi de 9h20 \u00e0 10h20, le jeudi de 10h30 \u00e0 11h30 et le vendredi de 9h00 \u00e0 11h30<\/p>\n\n\n\n<p><strong>MARCHE<\/strong> : le mardi de 14h00 \u00e0 15h30<\/p>\n\n\n\n<p><strong>GYMNASTIQUE DOUCE<\/strong> : <em>salle l&rsquo;ENVOLEE<\/em>, le jeudi de 10h30 \u00e0 11h30<\/p>\n\n\n\n<p><strong>DESSIN<\/strong> &#8211; <strong>PEINTURE<\/strong> : <em>salle Ty Glas<\/em>, le lundi matin de 10h00 \u00e0 12h00<\/p>\n\n\n\n<p><strong>GENEALOGIE<\/strong> : <em>salle Ty Glas<\/em>, tous les 15 jours, le lundi, de 17h30 \u00e0 19h00<\/p>\n\n\n\n<h2 class=\"wp-block-heading\">ACTIVITES A VENIR<\/h2>\n\n\n\n<p>Informations AR STEREDENN 2026 :<\/p>\n\n\n\n<p><strong>1) <\/strong>Activit\u00e9s du mois d&rsquo;<strong>avril<\/strong> :<\/p>\n\n\n\n<ul class=\"wp-block-list\">\n<li>Mardi 7 avril : concours secteur DOMINOS\/PETANQUE<\/li>\n\n\n\n<li>Jeudi 9 avril : pr\u00e9sentation activit\u00e9 nouveaux jeux de soci\u00e9t\u00e9 de 16h30 \u00e0 17h30<\/li>\n\n\n\n<li>Lundi 13 avril : activit\u00e9 DESSIN de 10h00 \u00e0 12h00<\/li>\n\n\n\n<li>Mardi 14 avril : concours secteur DOMINOS\/PETANQUE, \u00e0 Bourg-Blanc, Maison du Temps Libre<\/li>\n\n\n\n<li>Jeudi 16 avril : concours interne TAROT\/PETANQUE<\/li>\n\n\n\n<li>Dimanche 19 avril : THE DANSANT Salle Marcel Bouguen PLABENNEC<\/li>\n\n\n\n<li>Lundi 20 avril : activit\u00e9 DESSIN de 10h00 \u00e0 12h00<\/li>\n\n\n\n<li>Lundi 20 avril : activit\u00e9 GENEALOGIE de 17h30 \u00e0 19h00<\/li>\n\n\n\n<li>Mardi 21 avril : concours interne BELOTE<\/li>\n\n\n\n<li>Lundi 27 avril : activit\u00e9 DESSIN de 10h00 \u00e0 12h00<\/li>\n\n\n\n<li>Mardi 28 avril : FINALE DEPARTEMENTALE BELOTE &#8211; Salle Marcel Bouguen PLABENNEC<\/li>\n\n\n\n<li><\/li>\n\n\n\n<li><strong>2)<\/strong> Spectacle \u00e0 Plouguerneau les 23 et 24 <strong>octobre<\/strong>, tarif 67 euros, pr\u00e9-inscriptions possibles dans les clubs d\u00e8s \u00e0 pr\u00e9sent.<\/li>\n<\/ul>\n","protected":false},"excerpt":{"rendered":"<p>SCRABBLE, DOMINOS, CARTES : Salle Ty GLAS, mardi et jeudi de 13h30 \u00e0 18h00 PETANQUE : hall p\u00e9tanque, mardi et<\/p>\n","protected":false},"author":1,"featured_media":0,"parent":0,"menu_order":0,"comment_status":"closed","ping_status":"closed","template":"","meta":{"_vp_format_video_url":"","_vp_image_focal_point":[],"footnotes":""},"class_list":["post-61","page","type-page","status-publish","hentry","comments-off"],"_links":{"self":[{"href":"https:\/\/arsteredenn.fr\/index.php\/wp-json\/wp\/v2\/pages\/61","targetHints":{"allow":["GET"]}}],"collection":[{"href":"https:\/\/arsteredenn.fr\/index.php\/wp-json\/wp\/v2\/pages"}],"about":[{"href":"https:\/\/arsteredenn.fr\/index.php\/wp-json\/wp\/v2\/types\/page"}],"author":[{"embeddable":true,"href":"https:\/\/arsteredenn.fr\/index.php\/wp-json\/wp\/v2\/users\/1"}],"replies":[{"embeddable":true,"href":"https:\/\/arsteredenn.fr\/index.php\/wp-json\/wp\/v2\/comments?post=61"}],"version-history":[{"count":74,"href":"https:\/\/arsteredenn.fr\/index.php\/wp-json\/wp\/v2\/pages\/61\/revisions"}],"predecessor-version":[{"id":2545,"href":"https:\/\/arsteredenn.fr\/index.php\/wp-json\/wp\/v2\/pages\/61\/revisions\/2545"}],"wp:attachment":[{"href":"https:\/\/arsteredenn.fr\/index.php\/wp-json\/wp\/v2\/media?parent=61"}],"curies":[{"name":"wp","href":"https:\/\/api.w.org\/{rel}","templated":true}]}}