{"id":192,"date":"2025-09-06T11:08:01","date_gmt":"2025-09-06T09:08:01","guid":{"rendered":"https:\/\/arsteredenn.fr\/?page_id=192"},"modified":"2026-04-07T16:17:15","modified_gmt":"2026-04-07T14:17:15","slug":"danse","status":"publish","type":"page","link":"https:\/\/arsteredenn.fr\/index.php\/danse\/","title":{"rendered":"DANSES"},"content":{"rendered":"\n<p><em><strong>SALLE DE L\u2019ENVOL\u00c9<\/strong><\/em><strong><em>E<\/em><\/strong><\/p>\n\n\n\n<p>Le mardi de 9h20 \u00e0 10h20 : danses en ligne (niveau d\u00e9butant) avec Marie-Fran\u00e7oise<\/p>\n\n\n\n<p>Le jeudi de 10h30 \u00e0 11h30 : danses en ligne (niveau d\u00e9butant +) avec Marie-Fran\u00e7oise<\/p>\n\n\n\n<p>Le vendredi, de 9h00 \u00e0 9h30 : cours de danses en ligne (semaines impaires), puis cours de danses de salon (semaines paires), 1 vendredi sur 2<\/p>\n\n\n\n<p>Le vendredi de 9h30 \u00e0  11h00 : danses de salon et danses en ligne.<\/p>\n\n\n\n<p><strong><em><mark style=\"background-color:rgba(0, 0, 0, 0)\" class=\"has-inline-color has-black-color\">PHOTOS DANSE<\/mark><\/em><\/strong><\/p>\n\n\n\n<p>LE MARDI :<\/p>\n\n\n\n<figure class=\"wp-block-gallery has-nested-images columns-default is-cropped wp-block-gallery-1 is-layout-flex wp-block-gallery-is-layout-flex\">\n<figure class=\"wp-block-image size-large\"><img loading=\"lazy\" decoding=\"async\" width=\"1024\" height=\"768\" data-id=\"1678\" src=\"https:\/\/arsteredenn.fr\/wp-content\/uploads\/2026\/03\/1000000659-1-1024x768.jpg\" alt=\"\" class=\"wp-image-1678\" srcset=\"https:\/\/arsteredenn.fr\/wp-content\/uploads\/2026\/03\/1000000659-1-1024x768.jpg 1024w, https:\/\/arsteredenn.fr\/wp-content\/uploads\/2026\/03\/1000000659-1-300x225.jpg 300w, https:\/\/arsteredenn.fr\/wp-content\/uploads\/2026\/03\/1000000659-1-768x576.jpg 768w, https:\/\/arsteredenn.fr\/wp-content\/uploads\/2026\/03\/1000000659-1-1536x1152.jpg 1536w, https:\/\/arsteredenn.fr\/wp-content\/uploads\/2026\/03\/1000000659-1-2048x1536.jpg 2048w, https:\/\/arsteredenn.fr\/wp-content\/uploads\/2026\/03\/1000000659-1-500x375.jpg 500w, https:\/\/arsteredenn.fr\/wp-content\/uploads\/2026\/03\/1000000659-1-800x600.jpg 800w, https:\/\/arsteredenn.fr\/wp-content\/uploads\/2026\/03\/1000000659-1-1280x960.jpg 1280w, https:\/\/arsteredenn.fr\/wp-content\/uploads\/2026\/03\/1000000659-1-1920x1440.jpg 1920w, https:\/\/arsteredenn.fr\/wp-content\/uploads\/2026\/03\/1000000659-1-600x450.jpg 600w\" sizes=\"auto, (max-width: 1024px) 100vw, 1024px\" \/><\/figure>\n\n\n\n<figure class=\"wp-block-image size-large\"><img loading=\"lazy\" decoding=\"async\" width=\"1024\" height=\"768\" data-id=\"1677\" src=\"https:\/\/arsteredenn.fr\/wp-content\/uploads\/2026\/03\/1000000660-1024x768.jpg\" alt=\"\" class=\"wp-image-1677\" srcset=\"https:\/\/arsteredenn.fr\/wp-content\/uploads\/2026\/03\/1000000660-1024x768.jpg 1024w, https:\/\/arsteredenn.fr\/wp-content\/uploads\/2026\/03\/1000000660-300x225.jpg 300w, https:\/\/arsteredenn.fr\/wp-content\/uploads\/2026\/03\/1000000660-768x576.jpg 768w, https:\/\/arsteredenn.fr\/wp-content\/uploads\/2026\/03\/1000000660-1536x1152.jpg 1536w, https:\/\/arsteredenn.fr\/wp-content\/uploads\/2026\/03\/1000000660-2048x1536.jpg 2048w, https:\/\/arsteredenn.fr\/wp-content\/uploads\/2026\/03\/1000000660-500x375.jpg 500w, https:\/\/arsteredenn.fr\/wp-content\/uploads\/2026\/03\/1000000660-800x600.jpg 800w, https:\/\/arsteredenn.fr\/wp-content\/uploads\/2026\/03\/1000000660-1280x960.jpg 1280w, https:\/\/arsteredenn.fr\/wp-content\/uploads\/2026\/03\/1000000660-1920x1440.jpg 1920w, https:\/\/arsteredenn.fr\/wp-content\/uploads\/2026\/03\/1000000660-600x450.jpg 600w\" sizes=\"auto, (max-width: 1024px) 100vw, 1024px\" \/><\/figure>\n\n\n\n<figure class=\"wp-block-image size-large\"><img decoding=\"async\" data-id=\"1670\" src=\"https:\/\/arsteredenn.fr\/wp-content\/uploads\/2026\/03\/1000000071-1024x768.jpg\" alt=\"\" class=\"wp-image-1670\"\/><\/figure>\n\n\n\n<figure class=\"wp-block-image size-large\"><img loading=\"lazy\" decoding=\"async\" width=\"1024\" height=\"572\" data-id=\"1679\" src=\"https:\/\/arsteredenn.fr\/wp-content\/uploads\/2026\/03\/1000000655-1024x572.jpg\" alt=\"\" class=\"wp-image-1679\" srcset=\"https:\/\/arsteredenn.fr\/wp-content\/uploads\/2026\/03\/1000000655-1024x572.jpg 1024w, https:\/\/arsteredenn.fr\/wp-content\/uploads\/2026\/03\/1000000655-300x168.jpg 300w, https:\/\/arsteredenn.fr\/wp-content\/uploads\/2026\/03\/1000000655-768x429.jpg 768w, https:\/\/arsteredenn.fr\/wp-content\/uploads\/2026\/03\/1000000655-1536x858.jpg 1536w, https:\/\/arsteredenn.fr\/wp-content\/uploads\/2026\/03\/1000000655-2048x1144.jpg 2048w, https:\/\/arsteredenn.fr\/wp-content\/uploads\/2026\/03\/1000000655-500x279.jpg 500w, https:\/\/arsteredenn.fr\/wp-content\/uploads\/2026\/03\/1000000655-800x447.jpg 800w, https:\/\/arsteredenn.fr\/wp-content\/uploads\/2026\/03\/1000000655-1280x715.jpg 1280w, https:\/\/arsteredenn.fr\/wp-content\/uploads\/2026\/03\/1000000655-1920x1073.jpg 1920w\" sizes=\"auto, (max-width: 1024px) 100vw, 1024px\" \/><\/figure>\n\n\n\n<figure class=\"wp-block-image size-large\"><img loading=\"lazy\" decoding=\"async\" width=\"1024\" height=\"713\" data-id=\"1672\" src=\"https:\/\/arsteredenn.fr\/wp-content\/uploads\/2026\/03\/1000000082-1024x713.jpg\" alt=\"\" class=\"wp-image-1672\" srcset=\"https:\/\/arsteredenn.fr\/wp-content\/uploads\/2026\/03\/1000000082-1024x713.jpg 1024w, https:\/\/arsteredenn.fr\/wp-content\/uploads\/2026\/03\/1000000082-300x209.jpg 300w, https:\/\/arsteredenn.fr\/wp-content\/uploads\/2026\/03\/1000000082-768x535.jpg 768w, https:\/\/arsteredenn.fr\/wp-content\/uploads\/2026\/03\/1000000082-1536x1069.jpg 1536w, https:\/\/arsteredenn.fr\/wp-content\/uploads\/2026\/03\/1000000082-2048x1426.jpg 2048w, https:\/\/arsteredenn.fr\/wp-content\/uploads\/2026\/03\/1000000082-500x348.jpg 500w, https:\/\/arsteredenn.fr\/wp-content\/uploads\/2026\/03\/1000000082-800x557.jpg 800w, https:\/\/arsteredenn.fr\/wp-content\/uploads\/2026\/03\/1000000082-1280x891.jpg 1280w, https:\/\/arsteredenn.fr\/wp-content\/uploads\/2026\/03\/1000000082-1920x1336.jpg 1920w\" sizes=\"auto, (max-width: 1024px) 100vw, 1024px\" \/><\/figure>\n\n\n\n<figure class=\"wp-block-image size-large\"><img loading=\"lazy\" decoding=\"async\" width=\"1024\" height=\"768\" data-id=\"1676\" src=\"https:\/\/arsteredenn.fr\/wp-content\/uploads\/2026\/03\/1000000659-1024x768.jpg\" alt=\"\" class=\"wp-image-1676\" srcset=\"https:\/\/arsteredenn.fr\/wp-content\/uploads\/2026\/03\/1000000659-1024x768.jpg 1024w, https:\/\/arsteredenn.fr\/wp-content\/uploads\/2026\/03\/1000000659-300x225.jpg 300w, https:\/\/arsteredenn.fr\/wp-content\/uploads\/2026\/03\/1000000659-768x576.jpg 768w, https:\/\/arsteredenn.fr\/wp-content\/uploads\/2026\/03\/1000000659-1536x1152.jpg 1536w, https:\/\/arsteredenn.fr\/wp-content\/uploads\/2026\/03\/1000000659-2048x1536.jpg 2048w, https:\/\/arsteredenn.fr\/wp-content\/uploads\/2026\/03\/1000000659-500x375.jpg 500w, https:\/\/arsteredenn.fr\/wp-content\/uploads\/2026\/03\/1000000659-800x600.jpg 800w, https:\/\/arsteredenn.fr\/wp-content\/uploads\/2026\/03\/1000000659-1280x960.jpg 1280w, https:\/\/arsteredenn.fr\/wp-content\/uploads\/2026\/03\/1000000659-1920x1440.jpg 1920w, https:\/\/arsteredenn.fr\/wp-content\/uploads\/2026\/03\/1000000659-600x450.jpg 600w\" sizes=\"auto, (max-width: 1024px) 100vw, 1024px\" \/><\/figure>\n<\/figure>\n\n\n\n<p>Le jeudi :<\/p>\n\n\n\n<figure class=\"wp-block-image size-full is-resized\"><img loading=\"lazy\" decoding=\"async\" width=\"941\" height=\"705\" src=\"https:\/\/arsteredenn.fr\/wp-content\/uploads\/2026\/03\/20260305_104205-2.jpg\" alt=\"\" class=\"wp-image-1770\" style=\"aspect-ratio:1.3347553027609906;width:427px;height:auto\" srcset=\"https:\/\/arsteredenn.fr\/wp-content\/uploads\/2026\/03\/20260305_104205-2.jpg 941w, https:\/\/arsteredenn.fr\/wp-content\/uploads\/2026\/03\/20260305_104205-2-300x225.jpg 300w, https:\/\/arsteredenn.fr\/wp-content\/uploads\/2026\/03\/20260305_104205-2-768x575.jpg 768w, https:\/\/arsteredenn.fr\/wp-content\/uploads\/2026\/03\/20260305_104205-2-500x375.jpg 500w, https:\/\/arsteredenn.fr\/wp-content\/uploads\/2026\/03\/20260305_104205-2-800x599.jpg 800w, https:\/\/arsteredenn.fr\/wp-content\/uploads\/2026\/03\/20260305_104205-2-600x450.jpg 600w\" sizes=\"auto, (max-width: 941px) 100vw, 941px\" \/><\/figure>\n\n\n\n<p>Le vendredi : <\/p>\n\n\n\n<figure class=\"wp-block-gallery has-nested-images columns-default is-cropped wp-block-gallery-2 is-layout-flex wp-block-gallery-is-layout-flex\">\n<figure class=\"wp-block-image size-large\"><img loading=\"lazy\" decoding=\"async\" width=\"1024\" height=\"576\" data-id=\"2054\" src=\"https:\/\/arsteredenn.fr\/wp-content\/uploads\/2026\/03\/20260320_094448-1-1024x576.jpg\" alt=\"\" class=\"wp-image-2054\" srcset=\"https:\/\/arsteredenn.fr\/wp-content\/uploads\/2026\/03\/20260320_094448-1-1024x576.jpg 1024w, https:\/\/arsteredenn.fr\/wp-content\/uploads\/2026\/03\/20260320_094448-1-300x169.jpg 300w, https:\/\/arsteredenn.fr\/wp-content\/uploads\/2026\/03\/20260320_094448-1-768x432.jpg 768w, https:\/\/arsteredenn.fr\/wp-content\/uploads\/2026\/03\/20260320_094448-1-1536x864.jpg 1536w, https:\/\/arsteredenn.fr\/wp-content\/uploads\/2026\/03\/20260320_094448-1-2048x1152.jpg 2048w, https:\/\/arsteredenn.fr\/wp-content\/uploads\/2026\/03\/20260320_094448-1-500x281.jpg 500w, https:\/\/arsteredenn.fr\/wp-content\/uploads\/2026\/03\/20260320_094448-1-800x450.jpg 800w, https:\/\/arsteredenn.fr\/wp-content\/uploads\/2026\/03\/20260320_094448-1-1280x720.jpg 1280w, https:\/\/arsteredenn.fr\/wp-content\/uploads\/2026\/03\/20260320_094448-1-1920x1080.jpg 1920w, https:\/\/arsteredenn.fr\/wp-content\/uploads\/2026\/03\/20260320_094448-1-1360x765.jpg 1360w\" sizes=\"auto, (max-width: 1024px) 100vw, 1024px\" \/><\/figure>\n\n\n\n<figure class=\"wp-block-image size-large\"><img loading=\"lazy\" decoding=\"async\" width=\"1024\" height=\"576\" data-id=\"2055\" src=\"https:\/\/arsteredenn.fr\/wp-content\/uploads\/2026\/03\/20260320_094306-3-1024x576.jpg\" alt=\"\" class=\"wp-image-2055\" srcset=\"https:\/\/arsteredenn.fr\/wp-content\/uploads\/2026\/03\/20260320_094306-3-1024x576.jpg 1024w, https:\/\/arsteredenn.fr\/wp-content\/uploads\/2026\/03\/20260320_094306-3-300x169.jpg 300w, https:\/\/arsteredenn.fr\/wp-content\/uploads\/2026\/03\/20260320_094306-3-768x432.jpg 768w, https:\/\/arsteredenn.fr\/wp-content\/uploads\/2026\/03\/20260320_094306-3-1536x864.jpg 1536w, https:\/\/arsteredenn.fr\/wp-content\/uploads\/2026\/03\/20260320_094306-3-2048x1152.jpg 2048w, https:\/\/arsteredenn.fr\/wp-content\/uploads\/2026\/03\/20260320_094306-3-500x281.jpg 500w, https:\/\/arsteredenn.fr\/wp-content\/uploads\/2026\/03\/20260320_094306-3-800x450.jpg 800w, https:\/\/arsteredenn.fr\/wp-content\/uploads\/2026\/03\/20260320_094306-3-1280x720.jpg 1280w, https:\/\/arsteredenn.fr\/wp-content\/uploads\/2026\/03\/20260320_094306-3-1920x1080.jpg 1920w, https:\/\/arsteredenn.fr\/wp-content\/uploads\/2026\/03\/20260320_094306-3-1360x765.jpg 1360w\" sizes=\"auto, (max-width: 1024px) 100vw, 1024px\" \/><\/figure>\n<\/figure>\n\n\n\n<figure class=\"wp-block-video\"><video height=\"1080\" style=\"aspect-ratio: 1920 \/ 1080;\" width=\"1920\" controls src=\"https:\/\/arsteredenn.fr\/wp-content\/uploads\/2026\/03\/20260327_105821.mp4\"><\/video><\/figure>\n\n\n\n<figure class=\"wp-block-image size-large is-resized\"><img loading=\"lazy\" decoding=\"async\" width=\"1024\" height=\"954\" src=\"https:\/\/arsteredenn.fr\/wp-content\/uploads\/2026\/03\/1000006270-scaled-e1774188072385-1024x954.jpg\" alt=\"\" class=\"wp-image-1861\" style=\"width:400px;height:auto\" srcset=\"https:\/\/arsteredenn.fr\/wp-content\/uploads\/2026\/03\/1000006270-scaled-e1774188072385-1024x954.jpg 1024w, https:\/\/arsteredenn.fr\/wp-content\/uploads\/2026\/03\/1000006270-scaled-e1774188072385-300x279.jpg 300w, https:\/\/arsteredenn.fr\/wp-content\/uploads\/2026\/03\/1000006270-scaled-e1774188072385-768x715.jpg 768w, https:\/\/arsteredenn.fr\/wp-content\/uploads\/2026\/03\/1000006270-scaled-e1774188072385-500x466.jpg 500w, https:\/\/arsteredenn.fr\/wp-content\/uploads\/2026\/03\/1000006270-scaled-e1774188072385-800x745.jpg 800w, https:\/\/arsteredenn.fr\/wp-content\/uploads\/2026\/03\/1000006270-scaled-e1774188072385.jpg 1162w\" sizes=\"auto, (max-width: 1024px) 100vw, 1024px\" \/><\/figure>\n\n\n\n<figure class=\"wp-block-image size-large is-resized\"><img loading=\"lazy\" decoding=\"async\" width=\"1024\" height=\"768\" src=\"https:\/\/arsteredenn.fr\/wp-content\/uploads\/2026\/03\/1000006271-1024x768.jpg\" alt=\"\" class=\"wp-image-1862\" style=\"width:406px;height:auto\" srcset=\"https:\/\/arsteredenn.fr\/wp-content\/uploads\/2026\/03\/1000006271-1024x768.jpg 1024w, https:\/\/arsteredenn.fr\/wp-content\/uploads\/2026\/03\/1000006271-300x225.jpg 300w, https:\/\/arsteredenn.fr\/wp-content\/uploads\/2026\/03\/1000006271-768x576.jpg 768w, https:\/\/arsteredenn.fr\/wp-content\/uploads\/2026\/03\/1000006271-1536x1152.jpg 1536w, https:\/\/arsteredenn.fr\/wp-content\/uploads\/2026\/03\/1000006271-2048x1536.jpg 2048w, https:\/\/arsteredenn.fr\/wp-content\/uploads\/2026\/03\/1000006271-500x375.jpg 500w, https:\/\/arsteredenn.fr\/wp-content\/uploads\/2026\/03\/1000006271-800x600.jpg 800w, https:\/\/arsteredenn.fr\/wp-content\/uploads\/2026\/03\/1000006271-1280x960.jpg 1280w, https:\/\/arsteredenn.fr\/wp-content\/uploads\/2026\/03\/1000006271-1920x1440.jpg 1920w, https:\/\/arsteredenn.fr\/wp-content\/uploads\/2026\/03\/1000006271-600x450.jpg 600w\" sizes=\"auto, (max-width: 1024px) 100vw, 1024px\" \/><\/figure>\n\n\n\n<figure class=\"wp-block-gallery has-nested-images columns-default is-cropped wp-block-gallery-3 is-layout-flex wp-block-gallery-is-layout-flex\">\n<figure class=\"wp-block-image size-large\"><img loading=\"lazy\" decoding=\"async\" width=\"1024\" height=\"768\" data-id=\"2511\" src=\"https:\/\/arsteredenn.fr\/wp-content\/uploads\/2026\/04\/1000006757-1-1024x768.jpg\" alt=\"\" class=\"wp-image-2511\" srcset=\"https:\/\/arsteredenn.fr\/wp-content\/uploads\/2026\/04\/1000006757-1-1024x768.jpg 1024w, https:\/\/arsteredenn.fr\/wp-content\/uploads\/2026\/04\/1000006757-1-300x225.jpg 300w, https:\/\/arsteredenn.fr\/wp-content\/uploads\/2026\/04\/1000006757-1-768x576.jpg 768w, https:\/\/arsteredenn.fr\/wp-content\/uploads\/2026\/04\/1000006757-1-1536x1152.jpg 1536w, https:\/\/arsteredenn.fr\/wp-content\/uploads\/2026\/04\/1000006757-1-2048x1536.jpg 2048w, https:\/\/arsteredenn.fr\/wp-content\/uploads\/2026\/04\/1000006757-1-500x375.jpg 500w, https:\/\/arsteredenn.fr\/wp-content\/uploads\/2026\/04\/1000006757-1-800x600.jpg 800w, https:\/\/arsteredenn.fr\/wp-content\/uploads\/2026\/04\/1000006757-1-1280x960.jpg 1280w, https:\/\/arsteredenn.fr\/wp-content\/uploads\/2026\/04\/1000006757-1-1920x1440.jpg 1920w, https:\/\/arsteredenn.fr\/wp-content\/uploads\/2026\/04\/1000006757-1-600x450.jpg 600w\" sizes=\"auto, (max-width: 1024px) 100vw, 1024px\" \/><\/figure>\n<\/figure>\n\n\n\n<p><strong><em>Danses du mardi 31 mars 2026 :<\/em><\/strong><\/p>\n\n\n\n<ul class=\"wp-block-list\">\n<li>Mama Maria :<\/li>\n\n\n\n<li><a href=\"https:\/\/www.youtube.com\/watch?v=E6AFHSavHjM&amp;list=RDE6AFHSavHjM&amp;start_radio=1\">https:\/\/www.youtube.com\/watch?v=E6AFHSavHjM&amp;list=RDE6AFHSavHjM&amp;start_radio=1<\/a><\/li>\n\n\n\n<li>Bye Bye Mambo :<\/li>\n\n\n\n<li><a href=\"https:\/\/www.youtube.com\/watch?v=NDFOLUkrTrA\">https:\/\/www.youtube.com\/watch?v=NDFOLUkrTrA<\/a><\/li>\n\n\n\n<li>Despacito Cumbia : <\/li>\n\n\n\n<li><a href=\"https:\/\/www.youtube.com\/watch?v=ZAsROFaxDz8&amp;t=19s\">https:\/\/www.youtube.com\/watch?v=ZAsROFaxDz8&amp;t=19s<\/a><\/li>\n\n\n\n<li>Over the Moon :<\/li>\n\n\n\n<li><a href=\"https:\/\/www.youtube.com\/watch?v=nsWRlQ_kYc4&amp;t=1s\">https:\/\/www.youtube.com\/watch?v=nsWRlQ_kYc4&amp;t=1s<\/a><\/li>\n\n\n\n<li>Cha Cha (love&rsquo;s gonna make it) :<\/li>\n\n\n\n<li><a href=\"https:\/\/www.youtube.com\/watch?v=TvRDvm9e8_A&amp;list=RDTvRDvm9e8_A&amp;start_radio=1\">https:\/\/www.youtube.com\/watch?v=TvRDvm9e8_A&amp;list=RDTvRDvm9e8_A&amp;start_radio=1<\/a><\/li>\n\n\n\n<li>Oh Caroll :<\/li>\n\n\n\n<li><a href=\"https:\/\/www.youtube.com\/watch?v=l4YODdfvNeI&amp;t=5s\">https:\/\/www.youtube.com\/watch?v=l4YODdfvNeI&amp;t=5s<\/a><\/li>\n\n\n\n<li>Le Reggaeton : <\/li>\n\n\n\n<li><a href=\"https:\/\/www.youtube.com\/watch?v=olYlNk38ZRc&amp;t=3s\">https:\/\/www.youtube.com\/watch?v=olYlNk38ZRc&amp;t=3s<\/a><\/li>\n<\/ul>\n\n\n\n<p><strong><em>Danses du jeudi 2 avril 2026 :<\/em><\/strong><\/p>\n\n\n\n<p><strong>1)<\/strong> Soleil Bleu :<\/p>\n\n\n\n<p><a href=\"https:\/\/www.youtube.com\/watch?v=fqfiBYXDcog&amp;list=RDfqfiBYXDcog&amp;start_radio=1\">https:\/\/www.youtube.com\/watch?v=fqfiBYXDcog&amp;list=RDfqfiBYXDcog&amp;start_radio=1<\/a><\/p>\n\n\n\n<p><strong>2<\/strong>) Dance Monkey (nouvelle) :<\/p>\n\n\n\n<p><a href=\"https:\/\/www.youtube.com\/watch?v=jMRkocDxmpg\">https:\/\/www.youtube.com\/watch?v=jMRkocDxmpg<\/a><\/p>\n\n\n\n<p><strong>3)<\/strong> Dimmi Quando :<\/p>\n\n\n\n<p><a href=\"https:\/\/www.youtube.com\/watch?v=vQxsQHV2GAw&amp;list=RDvQxsQHV2GAw&amp;start_radio=1\">https:\/\/www.youtube.com\/watch?v=vQxsQHV2GAw&amp;list=RDvQxsQHV2GAw&amp;start_radio=1<\/a><\/p>\n\n\n\n<p><strong>4)<\/strong> Jailhouse Cr\u00e9ole :<\/p>\n\n\n\n<p><a href=\"https:\/\/www.youtube.com\/watch?v=K-9GDHFlsj0&amp;t=23s\">https:\/\/www.youtube.com\/watch?v=K-9GDHFlsj0&amp;t=23s<\/a><\/p>\n\n\n\n<p><strong>5)<\/strong> Musato Va :<\/p>\n\n\n\n<p><a href=\"https:\/\/www.youtube.com\/watch?v=T51iS83uWdE&amp;list=RDT51iS83uWdE&amp;start_radio=1\">https:\/\/www.youtube.com\/watch?v=T51iS83uWdE&amp;list=RDT51iS83uWdE&amp;start_radio=1<\/a><\/p>\n\n\n\n<p><strong>6)<\/strong> La maison de Jacques (<strong>chor\u00e9<\/strong> de \u00ab\u00a0Toot Toot\u00a0\u00bb sur le refrain, puis Madison sur le couplet) :<\/p>\n\n\n\n<p><a href=\"https:\/\/www.youtube.com\/watch?v=yWPZtmEKvwM&amp;t=4s\">https:\/\/www.youtube.com\/watch?v=yWPZtmEKvwM&amp;t=4s<\/a><\/p>\n\n\n\n<p><strong>Musique<\/strong> : <a href=\"https:\/\/www.youtube.com\/watch?v=g_ulfsTMyRI&amp;list=RDg_ulfsTMyRI&amp;start_radio=1\">https:\/\/www.youtube.com\/watch?v=g_ulfsTMyRI&amp;list=RDg_ulfsTMyRI&amp;start_radio=1<\/a><\/p>\n\n\n\n<p><strong>7)<\/strong> Rivers of Babylon :<\/p>\n\n\n\n<p><a href=\"https:\/\/www.youtube.com\/watch?v=_H3A7uLQCX8&amp;list=RD_H3A7uLQCX8&amp;start_radio=1\">https:\/\/www.youtube.com\/watch?v=_H3A7uLQCX8&amp;list=RD_H3A7uLQCX8&amp;start_radio=1<\/a><\/p>\n\n\n\n<p><\/p>\n\n\n\n<p><em><strong>Danses du mardi 7 avril 2026<\/strong>, en raison de l&rsquo;absence de Marie-Fran\u00e7oise, le cours sera assur\u00e9 par Jean-Pierre<\/em> :<\/p>\n\n\n\n<ul class=\"wp-block-list\">\n<li>Blue Rose is : <a href=\"https:\/\/www.youtube.com\/watch?v=DJidjNmU8os&amp;list=RDDJidjNmU8os&amp;start_radio=1\">https:\/\/www.youtube.com\/watch?v=DJidjNmU8os&amp;list=RDDJidjNmU8os&amp;start_radio=1<\/a><\/li>\n<\/ul>\n\n\n\n<ul class=\"wp-block-list\">\n<li>Don&rsquo;t worry, be happy : <a href=\"https:\/\/www.youtube.com\/watch?v=y6j94cZTo6w&amp;list=RDy6j94cZTo6w&amp;start_radio=1\">https:\/\/www.youtube.com\/watch?v=y6j94cZTo6w&amp;list=RDy6j94cZTo6w&amp;start_radio=1<\/a><\/li>\n<\/ul>\n\n\n\n<ul class=\"wp-block-list\">\n<li>Crusin Cha Cha : <a href=\"https:\/\/www.youtube.com\/watch?v=F5TxPJbqTw4&amp;list=RDF5TxPJbqTw4&amp;start_radio=1\">https:\/\/www.youtube.com\/watch?v=F5TxPJbqTw4&amp;list=RDF5TxPJbqTw4&amp;start_radio=1<\/a><\/li>\n<\/ul>\n\n\n\n<ul class=\"wp-block-list\">\n<li>Tango Solo : <a href=\"https:\/\/www.youtube.com\/watch?v=bpzE_uWX7Og\">https:\/\/www.youtube.com\/watch?v=bpzE_uWX7Og<\/a><\/li>\n<\/ul>\n\n\n\n<p><\/p>\n\n\n\n<p><strong><em>Danses pr\u00e9vues le 9 avril 2026<\/em><\/strong>, <em>en raison de l&rsquo;absence de Marie-Fran\u00e7oise, le cours sera assur\u00e9 par Fran\u00e7oise<\/em> : <\/p>\n\n\n\n<p>CHEYENNE : <strong>chor\u00e9<\/strong> : <a href=\"https:\/\/www.youtube.com\/watch?v=Vuxg3jp5hC4&amp;list=RDVuxg3jp5hC4&amp;start_radio=1\">https:\/\/www.youtube.com\/watch?v=Vuxg3jp5hC4&amp;list=RDVuxg3jp5hC4&amp;start_radio=1<\/a>                    <strong>musique <\/strong>:  <a href=\"https:\/\/www.youtube.com\/watch?v=zpzwWTDbe4s&amp;list=RDzpzwWTDbe4s&amp;start_radio=1\">https:\/\/www.youtube.com\/watch?v=zpzwWTDbe4s&amp;list=RDzpzwWTDbe4s&amp;start_radio=1<\/a>   <\/p>\n\n\n\n<p>DANCE MONKEY :  <a href=\"https:\/\/www.youtube.com\/watch?v=jMRkocDxmpg\">https:\/\/www.youtube.com\/watch?v=jMRkocDxmpg<\/a> <\/p>\n\n\n\n<p>La GOFFA LOLITA (nouvelle) : <a href=\"https:\/\/www.youtube.com\/watch?v=ja4WtrWVSjY&amp;list=RDja4WtrWVSjY&amp;start_radio=1\">https:\/\/www.youtube.com\/watch?v=ja4WtrWVSjY&amp;list=RDja4WtrWVSjY&amp;start_radio=1<\/a>  <\/p>\n\n\n\n<p>ESPRESSO : <a href=\"https:\/\/www.youtube.com\/results?search_query=espresso+line+dance\">https:\/\/www.youtube.com\/results?search_query=espresso+line+dance<\/a> <\/p>\n\n\n\n<p>HAIDE :  <a href=\"https:\/\/www.youtube.com\/watch?v=rKKknyxgMnE\">https:\/\/www.youtube.com\/watch?v=rKKknyxgMnE<\/a> ,                                                                                         <strong>avec la musique<\/strong> : <a href=\"https:\/\/www.youtube.com\/watch?v=1y_8rfraWGg\">https:\/\/www.youtube.com\/watch?v=1y_8rfraWGg<\/a> <\/p>\n\n\n\n<p>STAND BY ME REMIX : <a href=\"https:\/\/www.youtube.com\/watch?v=LJuU45eFz3Q\">https:\/\/www.youtube.com\/watch?v=LJuU45eFz3Q<\/a>,                                                                    <strong>avec la musique<\/strong> :  <a href=\"https:\/\/www.youtube.com\/watch?v=Acmuww4tBIQ\">https:\/\/www.youtube.com\/watch?v=Acmuww4tBIQ<\/a>                                                             <\/p>\n\n\n\n<p><\/p>\n\n\n\n<p><\/p>\n","protected":false},"excerpt":{"rendered":"<p>SALLE DE L\u2019ENVOL\u00c9E Le mardi de 9h20 \u00e0 10h20 : danses en ligne (niveau d\u00e9butant) avec Marie-Fran\u00e7oise Le jeudi de<\/p>\n","protected":false},"author":1,"featured_media":0,"parent":0,"menu_order":0,"comment_status":"closed","ping_status":"closed","template":"","meta":{"_vp_format_video_url":"","_vp_image_focal_point":[],"footnotes":""},"class_list":["post-192","page","type-page","status-publish","hentry","comments-off"],"_links":{"self":[{"href":"https:\/\/arsteredenn.fr\/index.php\/wp-json\/wp\/v2\/pages\/192","targetHints":{"allow":["GET"]}}],"collection":[{"href":"https:\/\/arsteredenn.fr\/index.php\/wp-json\/wp\/v2\/pages"}],"about":[{"href":"https:\/\/arsteredenn.fr\/index.php\/wp-json\/wp\/v2\/types\/page"}],"author":[{"embeddable":true,"href":"https:\/\/arsteredenn.fr\/index.php\/wp-json\/wp\/v2\/users\/1"}],"replies":[{"embeddable":true,"href":"https:\/\/arsteredenn.fr\/index.php\/wp-json\/wp\/v2\/comments?post=192"}],"version-history":[{"count":269,"href":"https:\/\/arsteredenn.fr\/index.php\/wp-json\/wp\/v2\/pages\/192\/revisions"}],"predecessor-version":[{"id":2574,"href":"https:\/\/arsteredenn.fr\/index.php\/wp-json\/wp\/v2\/pages\/192\/revisions\/2574"}],"wp:attachment":[{"href":"https:\/\/arsteredenn.fr\/index.php\/wp-json\/wp\/v2\/media?parent=192"}],"curies":[{"name":"wp","href":"https:\/\/api.w.org\/{rel}","templated":true}]}}